{"id":231,"date":"2021-05-25T11:36:28","date_gmt":"2021-05-25T09:36:28","guid":{"rendered":"https:\/\/auteurs.harmattan.fr\/charles-hussy\/?page_id=231"},"modified":"2024-03-13T09:26:23","modified_gmt":"2024-03-13T08:26:23","slug":"bibliographie","status":"publish","type":"page","link":"https:\/\/auteurs.harmattan.fr\/charles-hussy\/bibliographie\/","title":{"rendered":"Bibliographie"},"content":{"rendered":"\n<p>H\u00fcssy C.H., 1980. Gen\u00e8ve, \u00e9tude r\u00e9gionale. Essai d&rsquo;analyse s\u00e9miologique en g\u00e9ographie<br>humaine. Th\u00e8se No 272, Facult\u00e9 des Sciences \u00c9conomiques et Sociales, Berne, Francfort, Las Vegas, Peter Lang.<br>H\u00fcssy C.H., 1988 G\u00e9ographie politique, par Friedrich Ratzel., \u00e9d. Economica.<br>H\u00fcssy C.H., 1991. Atlas du Bassin Genevois et de la R\u00e9gion L\u00e9manique. Un espace<br>transfrontalier au c\u0153ur de l&rsquo;Europe. Encyclop\u00e9die de Gen\u00e8ve.<br>H\u00fcssy C.H., 2016. Atlas du Grand Gen\u00e8ve. \u00c9tat des lieux pour un progr\u00e8s durable. Gen\u00e8ve \u00e9d. Slatkine.<br>H\u00fcssy C.H., 2018. Le Grand Gen\u00e8ve, territoire hybride. \u00c9ditions universitaires europ\u00e9ennes.<br>H\u00fcssy C.H., 2021. L&rsquo;ancienne alliance. Une modernit\u00e9 dans l&rsquo;impasse ? \u00c9d. L&rsquo;Harmattan.<br>H\u00fcssy C.H., 2021. Une Nouvelle Alliance. Nourrir une esp\u00e9rance pour l&rsquo;apr\u00e8s-effondrement.<br>\u00c9d. L&rsquo;Harmattan.<br>H\u00fcssy C.H., 2021. Un Christ vert. Un Dieu amoureux de sa Cr\u00e9ation. \u00c9d. L&rsquo;Harmattan.<br>H\u00fcssy C.H., 2024, L&rsquo;attente. En qu\u00eate du projet de Dieu. \u00c9d. L&rsquo;Harmattan.<\/p>\n","protected":false},"excerpt":{"rendered":"<p>H\u00fcssy C.H., 1980. Gen\u00e8ve, \u00e9tude r\u00e9gionale. Essai d&rsquo;analyse s\u00e9miologique en g\u00e9ographiehumaine. Th\u00e8se No 272, Facult\u00e9 des Sciences \u00c9conomiques et Sociales, Berne, Francfort, Las Vegas, Peter Lang.H\u00fcssy C.H., 1988 G\u00e9ographie politique, par Friedrich Ratzel., \u00e9d. Economica.H\u00fcssy C.H., 1991. Atlas du Bassin Genevois et de la R\u00e9gion L\u00e9manique. Un espacetransfrontalier au c\u0153ur de l&rsquo;Europe. Encyclop\u00e9die de Gen\u00e8ve.H\u00fcssy&#8230;<\/p>\n","protected":false},"author":1,"featured_media":0,"parent":0,"menu_order":0,"comment_status":"closed","ping_status":"closed","template":"","meta":{"footnotes":""},"wps_subtitle":"","_links":{"self":[{"href":"https:\/\/auteurs.harmattan.fr\/charles-hussy\/wp-json\/wp\/v2\/pages\/231"}],"collection":[{"href":"https:\/\/auteurs.harmattan.fr\/charles-hussy\/wp-json\/wp\/v2\/pages"}],"about":[{"href":"https:\/\/auteurs.harmattan.fr\/charles-hussy\/wp-json\/wp\/v2\/types\/page"}],"author":[{"embeddable":true,"href":"https:\/\/auteurs.harmattan.fr\/charles-hussy\/wp-json\/wp\/v2\/users\/1"}],"replies":[{"embeddable":true,"href":"https:\/\/auteurs.harmattan.fr\/charles-hussy\/wp-json\/wp\/v2\/comments?post=231"}],"version-history":[{"count":6,"href":"https:\/\/auteurs.harmattan.fr\/charles-hussy\/wp-json\/wp\/v2\/pages\/231\/revisions"}],"predecessor-version":[{"id":333,"href":"https:\/\/auteurs.harmattan.fr\/charles-hussy\/wp-json\/wp\/v2\/pages\/231\/revisions\/333"}],"wp:attachment":[{"href":"https:\/\/auteurs.harmattan.fr\/charles-hussy\/wp-json\/wp\/v2\/media?parent=231"}],"curies":[{"name":"wp","href":"https:\/\/api.w.org\/{rel}","templated":true}]}}