{"id":44,"date":"2020-12-04T17:58:22","date_gmt":"2020-12-04T16:58:22","guid":{"rendered":"https:\/\/auteurs.harmattan.fr\/charles-hussy\/?page_id=44"},"modified":"2024-03-12T14:40:39","modified_gmt":"2024-03-12T13:40:39","slug":"a-propos","status":"publish","type":"page","link":"https:\/\/auteurs.harmattan.fr\/charles-hussy\/a-propos\/","title":{"rendered":"A propos"},"content":{"rendered":"\n<p><img loading=\"lazy\" decoding=\"async\" class=\"alignleft wp-image-207 size-medium\" src=\"https:\/\/auteurs.harmattan.fr\/charles-hussy\/wp-content\/uploads\/sites\/21\/2021\/05\/Myself-245x300.jpg\" alt=\"\" width=\"245\" height=\"300\" srcset=\"https:\/\/auteurs.harmattan.fr\/charles-hussy\/wp-content\/uploads\/sites\/21\/2021\/05\/Myself-245x300.jpg 245w, https:\/\/auteurs.harmattan.fr\/charles-hussy\/wp-content\/uploads\/sites\/21\/2021\/05\/Myself.jpg 471w\" sizes=\"(max-width: 245px) 100vw, 245px\" \/><span dir=\"ltr\" role=\"presentation\"><br \/>N\u00e9 en 1940, Charles H\u00fcssy r\u00e9side \u00e0 Versoix (Gen\u00e8ve). Dipl\u00f4m\u00e9 en th\u00e9ologie, en <\/span><span dir=\"ltr\" role=\"presentation\">sociologie et en g\u00e9ographie, s\u00e9miologue et g\u00e9omaticien, professeur honoraire, il est <\/span><span dir=\"ltr\" role=\"presentation\">passionn\u00e9<\/span> <span dir=\"ltr\" role=\"presentation\">par<\/span> <span dir=\"ltr\" role=\"presentation\">les<\/span> <span dir=\"ltr\" role=\"presentation\">sujets<\/span> <span dir=\"ltr\" role=\"presentation\">touchant<\/span> <span dir=\"ltr\" role=\"presentation\">aux<\/span> <span dir=\"ltr\" role=\"presentation\">rapports<\/span> <span dir=\"ltr\" role=\"presentation\">de<\/span> <span dir=\"ltr\" role=\"presentation\">l\u2019homme<\/span> <span dir=\"ltr\" role=\"presentation\">\u00e0<\/span> <span dir=\"ltr\" role=\"presentation\">son<\/span> <span dir=\"ltr\" role=\"presentation\">environnement, <\/span><span dir=\"ltr\" role=\"presentation\">ainsi que par la th\u00e9ologie de la cr\u00e9ation.<br \/><\/span><span dir=\"ltr\" role=\"presentation\">Son dernier ouvrage, L&rsquo;attente. En qu\u00eate du projet de Dieu, est le troisi\u00e8me d&rsquo;une trilogie consacr\u00e9e \u00e0 l&rsquo;histoire du salut. Il d\u00e9finit une \u00e9cologie int\u00e9grale chr\u00e9tienne et d\u00e9montre que l&rsquo;histoire est lin\u00e9aire et s&rsquo;avance vers la rencontre avec Dieu.<\/span><span dir=\"ltr\" role=\"presentation\"><br \/><\/span><\/p>\n","protected":false},"excerpt":{"rendered":"<p>N\u00e9 en 1940, Charles H\u00fcssy r\u00e9side \u00e0 Versoix (Gen\u00e8ve). Dipl\u00f4m\u00e9 en th\u00e9ologie, en sociologie et en g\u00e9ographie, s\u00e9miologue et g\u00e9omaticien, professeur honoraire, il est passionn\u00e9 par les sujets touchant aux rapports de l\u2019homme \u00e0 son environnement, ainsi que par la th\u00e9ologie de la cr\u00e9ation.Son dernier ouvrage, L&rsquo;attente. En qu\u00eate du projet de Dieu, est le&#8230;<\/p>\n","protected":false},"author":1,"featured_media":0,"parent":0,"menu_order":0,"comment_status":"closed","ping_status":"closed","template":"","meta":{"footnotes":""},"wps_subtitle":"","_links":{"self":[{"href":"https:\/\/auteurs.harmattan.fr\/charles-hussy\/wp-json\/wp\/v2\/pages\/44"}],"collection":[{"href":"https:\/\/auteurs.harmattan.fr\/charles-hussy\/wp-json\/wp\/v2\/pages"}],"about":[{"href":"https:\/\/auteurs.harmattan.fr\/charles-hussy\/wp-json\/wp\/v2\/types\/page"}],"author":[{"embeddable":true,"href":"https:\/\/auteurs.harmattan.fr\/charles-hussy\/wp-json\/wp\/v2\/users\/1"}],"replies":[{"embeddable":true,"href":"https:\/\/auteurs.harmattan.fr\/charles-hussy\/wp-json\/wp\/v2\/comments?post=44"}],"version-history":[{"count":20,"href":"https:\/\/auteurs.harmattan.fr\/charles-hussy\/wp-json\/wp\/v2\/pages\/44\/revisions"}],"predecessor-version":[{"id":323,"href":"https:\/\/auteurs.harmattan.fr\/charles-hussy\/wp-json\/wp\/v2\/pages\/44\/revisions\/323"}],"wp:attachment":[{"href":"https:\/\/auteurs.harmattan.fr\/charles-hussy\/wp-json\/wp\/v2\/media?parent=44"}],"curies":[{"name":"wp","href":"https:\/\/api.w.org\/{rel}","templated":true}]}}