{"id":246,"date":"2013-04-01T17:18:47","date_gmt":"2013-04-01T17:18:47","guid":{"rendered":"http:\/\/auteurs.harmattan.fr\/guy-dhoquois\/?page_id=246"},"modified":"2013-04-02T07:53:53","modified_gmt":"2013-04-02T07:53:53","slug":"heraclite-heteroclite-dhoquois","status":"publish","type":"page","link":"https:\/\/auteurs.harmattan.fr\/guy-dhoquois\/heraclite-heteroclite-dhoquois\/","title":{"rendered":"H\u00e9raclite, H\u00e9t\u00e9roclite, Dhoquois"},"content":{"rendered":"<p>Mon pied est aussi grand que le soleil, constatation d&rsquo;H\u00e9raclite.<\/p>\n<p>Tout est relatif, constatation de l&rsquo;ordre de l&rsquo;absolu.<\/p>\n<p>Je ne me suis jamais baign\u00e9 dans la m\u00eame mer, confidence de Guy Dhoquois, qui \u00e9voque celle d&rsquo;H\u00e9raclite qui, lui, de fa\u00e7on plus \u00e9vidente, parlait de fleuve.<\/p>\n","protected":false},"excerpt":{"rendered":"<p>Mon pied est aussi grand que le soleil, constatation d&rsquo;H\u00e9raclite. Tout est relatif, constatation de l&rsquo;ordre de l&rsquo;absolu. Je ne me suis jamais baign\u00e9 dans la m\u00eame mer, confidence de Guy Dhoquois, qui \u00e9voque celle d&rsquo;H\u00e9raclite qui, lui, de fa\u00e7on plus \u00e9vidente, parlait de fleuve.<\/p>\n","protected":false},"author":18,"featured_media":0,"parent":0,"menu_order":0,"comment_status":"closed","ping_status":"open","template":"","meta":{"footnotes":""},"wps_subtitle":"","_links":{"self":[{"href":"https:\/\/auteurs.harmattan.fr\/guy-dhoquois\/wp-json\/wp\/v2\/pages\/246"}],"collection":[{"href":"https:\/\/auteurs.harmattan.fr\/guy-dhoquois\/wp-json\/wp\/v2\/pages"}],"about":[{"href":"https:\/\/auteurs.harmattan.fr\/guy-dhoquois\/wp-json\/wp\/v2\/types\/page"}],"author":[{"embeddable":true,"href":"https:\/\/auteurs.harmattan.fr\/guy-dhoquois\/wp-json\/wp\/v2\/users\/18"}],"replies":[{"embeddable":true,"href":"https:\/\/auteurs.harmattan.fr\/guy-dhoquois\/wp-json\/wp\/v2\/comments?post=246"}],"version-history":[{"count":6,"href":"https:\/\/auteurs.harmattan.fr\/guy-dhoquois\/wp-json\/wp\/v2\/pages\/246\/revisions"}],"predecessor-version":[{"id":249,"href":"https:\/\/auteurs.harmattan.fr\/guy-dhoquois\/wp-json\/wp\/v2\/pages\/246\/revisions\/249"}],"wp:attachment":[{"href":"https:\/\/auteurs.harmattan.fr\/guy-dhoquois\/wp-json\/wp\/v2\/media?parent=246"}],"curies":[{"name":"wp","href":"https:\/\/api.w.org\/{rel}","templated":true}]}}