{"id":252,"date":"2013-04-02T06:10:48","date_gmt":"2013-04-02T06:10:48","guid":{"rendered":"http:\/\/auteurs.harmattan.fr\/guy-dhoquois\/?page_id=252"},"modified":"2013-04-02T13:25:10","modified_gmt":"2013-04-02T13:25:10","slug":"rupture","status":"publish","type":"page","link":"https:\/\/auteurs.harmattan.fr\/guy-dhoquois\/rupture\/","title":{"rendered":"Rupture politique"},"content":{"rendered":"<p>A la fin des ann\u00e9es 80, je me suis dit que je n&rsquo;avais plus d&rsquo;amis \u00e0 gauche et que je ne pouvais pas en avoir \u00e0 droite.<\/p>\n<p>A la fin des ann\u00e9es 60 j&rsquo;\u00e9tais un gauchiste mod\u00e9r\u00e9, contradiction dans les termes ?<\/p>\n<p>J&rsquo;ai choisi peu \u00e0 peu une voie m\u00e9diane, une voie moyenne, que j&rsquo;esp\u00e8re ne pas \u00eatre m\u00e9diocre.<\/p>\n<p>Dans la mod\u00e9ration, il faut savoir garder de la passion, pour ne pas rejoindre les rangs nombreux des neutres et des pleutres.<\/p>\n<p>Restons engag\u00e9s sans hyst\u00e9rie.<\/p>\n<p>Notre mod\u00e9ration, plus sensible chez R\u00e9gine, peut-\u00eatre gr\u00e2ce \u00e0 son sens aiguis\u00e9 du concret et de la pratique, a sans doute permis \u00e0 notre fille, Anne, d&rsquo;\u00e9chapper au triste syndrome des enfants de soixante-huitards.<\/p>\n","protected":false},"excerpt":{"rendered":"<p>A la fin des ann\u00e9es 80, je me suis dit que je n&rsquo;avais plus d&rsquo;amis \u00e0 gauche et que je ne pouvais pas en avoir \u00e0 droite. A la fin des ann\u00e9es 60 j&rsquo;\u00e9tais un gauchiste mod\u00e9r\u00e9, contradiction dans les termes ? J&rsquo;ai choisi peu \u00e0 peu une voie m\u00e9diane, une voie moyenne, que j&rsquo;esp\u00e8re&#8230;<\/p>\n","protected":false},"author":18,"featured_media":0,"parent":0,"menu_order":0,"comment_status":"closed","ping_status":"open","template":"","meta":{"footnotes":""},"wps_subtitle":"","_links":{"self":[{"href":"https:\/\/auteurs.harmattan.fr\/guy-dhoquois\/wp-json\/wp\/v2\/pages\/252"}],"collection":[{"href":"https:\/\/auteurs.harmattan.fr\/guy-dhoquois\/wp-json\/wp\/v2\/pages"}],"about":[{"href":"https:\/\/auteurs.harmattan.fr\/guy-dhoquois\/wp-json\/wp\/v2\/types\/page"}],"author":[{"embeddable":true,"href":"https:\/\/auteurs.harmattan.fr\/guy-dhoquois\/wp-json\/wp\/v2\/users\/18"}],"replies":[{"embeddable":true,"href":"https:\/\/auteurs.harmattan.fr\/guy-dhoquois\/wp-json\/wp\/v2\/comments?post=252"}],"version-history":[{"count":5,"href":"https:\/\/auteurs.harmattan.fr\/guy-dhoquois\/wp-json\/wp\/v2\/pages\/252\/revisions"}],"predecessor-version":[{"id":254,"href":"https:\/\/auteurs.harmattan.fr\/guy-dhoquois\/wp-json\/wp\/v2\/pages\/252\/revisions\/254"}],"wp:attachment":[{"href":"https:\/\/auteurs.harmattan.fr\/guy-dhoquois\/wp-json\/wp\/v2\/media?parent=252"}],"curies":[{"name":"wp","href":"https:\/\/api.w.org\/{rel}","templated":true}]}}