{"id":111,"date":"2020-12-08T16:22:51","date_gmt":"2020-12-08T15:22:51","guid":{"rendered":"https:\/\/auteurs.harmattan.fr\/nicolas-laurenceau\/?page_id=111"},"modified":"2022-10-22T09:58:25","modified_gmt":"2022-10-22T07:58:25","slug":"audio","status":"publish","type":"page","link":"https:\/\/auteurs.harmattan.fr\/nicolas-laurenceau\/audio\/","title":{"rendered":"Autour du livre"},"content":{"rendered":"\n<h2 class=\"wp-block-heading\" id=\"rendez-vous\"><span style=\"background-color:#8ed1fc\" class=\"tadv-background-color\">Rendez-vous<\/span><\/h2>\n\n\n\n<p><\/p>\n\n\n\n<ul>\n<li style=\"list-style-type: none\">\n<ul>\n<li style=\"text-align: left\">10 novembre 2022 18 h 30 : Librairie L&rsquo;hirondaine \u00e0 Firminy Rencontre avec l&rsquo;auteur pr\u00e9sentation anim\u00e9 par Pierre Villemagne autour de \u00ab\u00a0Au-del\u00e0 du Capitalisme, quelles civilisations ?\u00a0\u00bb<\/li>\n<li><img loading=\"lazy\" decoding=\"async\" class=\"alignnone size-medium wp-image-441\" src=\"https:\/\/auteurs.harmattan.fr\/nicolas-laurenceau\/wp-content\/uploads\/sites\/23\/2022\/10\/RDV-avec-N.-Laurenceau-Affiche-A3-213x300.jpg\" alt=\"\" width=\"213\" height=\"300\" srcset=\"https:\/\/auteurs.harmattan.fr\/nicolas-laurenceau\/wp-content\/uploads\/sites\/23\/2022\/10\/RDV-avec-N.-Laurenceau-Affiche-A3-213x300.jpg 213w, https:\/\/auteurs.harmattan.fr\/nicolas-laurenceau\/wp-content\/uploads\/sites\/23\/2022\/10\/RDV-avec-N.-Laurenceau-Affiche-A3-700x986.jpg 700w, https:\/\/auteurs.harmattan.fr\/nicolas-laurenceau\/wp-content\/uploads\/sites\/23\/2022\/10\/RDV-avec-N.-Laurenceau-Affiche-A3-768x1082.jpg 768w, https:\/\/auteurs.harmattan.fr\/nicolas-laurenceau\/wp-content\/uploads\/sites\/23\/2022\/10\/RDV-avec-N.-Laurenceau-Affiche-A3-1090x1536.jpg 1090w, https:\/\/auteurs.harmattan.fr\/nicolas-laurenceau\/wp-content\/uploads\/sites\/23\/2022\/10\/RDV-avec-N.-Laurenceau-Affiche-A3-1454x2048.jpg 1454w, https:\/\/auteurs.harmattan.fr\/nicolas-laurenceau\/wp-content\/uploads\/sites\/23\/2022\/10\/RDV-avec-N.-Laurenceau-Affiche-A3-800x1127.jpg 800w, https:\/\/auteurs.harmattan.fr\/nicolas-laurenceau\/wp-content\/uploads\/sites\/23\/2022\/10\/RDV-avec-N.-Laurenceau-Affiche-A3-scaled.jpg 1817w\" sizes=\"(max-width: 213px) 100vw, 213px\" \/><\/li>\n<\/ul>\n<\/li>\n<\/ul>\n<p><!--nextpage--><\/p>\n<h4><strong><span style=\"background-color: #00ffff\">Archives<\/span><br \/><\/strong><\/h4>\n<ul>\n<li>\n<ul>\n<li><strong>12 avril 2022 20 h 00<\/strong> : Maison dioc\u00e9saine de Saint-Etienne, Salle Sainte-Marie, 1 rue Hector Berlioz R\u00e9union d\u00e9bat autour de \u00ab\u00a0Au-del\u00e0 du capitalisme, quelles civilisations ?\u00a0\u00bb<\/li>\n<\/ul>\n<p><img loading=\"lazy\" decoding=\"async\" class=\"alignnone size-medium wp-image-407 aligncenter\" src=\"https:\/\/auteurs.harmattan.fr\/nicolas-laurenceau\/wp-content\/uploads\/sites\/23\/2022\/03\/CDEP-300x182.jpg\" alt=\"\" width=\"300\" height=\"182\" srcset=\"https:\/\/auteurs.harmattan.fr\/nicolas-laurenceau\/wp-content\/uploads\/sites\/23\/2022\/03\/CDEP-300x182.jpg 300w, https:\/\/auteurs.harmattan.fr\/nicolas-laurenceau\/wp-content\/uploads\/sites\/23\/2022\/03\/CDEP.jpg 331w\" sizes=\"(max-width: 300px) 100vw, 300px\" \/><\/p>\n<ul>\n<li><strong>15 avril 2022 20 H 30<\/strong> : La Pirogue (Caf\u00e9 associatif et solidaire) Place de la Commune de 1871, 38100 Grenoble. Pr\u00e9sentation du livre \u00ab\u00a0Au-del\u00e0 du capitalisme, quelles civilisations ?\u00a0\u00bb\u00a0\u00a0\u00a0\u00a0\u00a0\u00a0\u00a0\u00a0<\/li>\n<\/ul>\n<p><img loading=\"lazy\" decoding=\"async\" class=\"alignnone size-full wp-image-387 aligncenter\" src=\"https:\/\/auteurs.harmattan.fr\/nicolas-laurenceau\/wp-content\/uploads\/sites\/23\/2022\/03\/Pirogue.jpg\" alt=\"La Pirogue\" width=\"168\" height=\"214\" \/><\/p>\n<ul>\n<li><strong>19 avril 2022 19 h 00<\/strong> : Caf\u00e9 f\u00e9d\u00e9ratif Les Clameurs participation aux Causeries du mardi.<\/li>\n<\/ul>\n<p><img loading=\"lazy\" decoding=\"async\" class=\"alignnone size-medium wp-image-411\" src=\"https:\/\/auteurs.harmattan.fr\/nicolas-laurenceau\/wp-content\/uploads\/sites\/23\/2022\/03\/logo-300x65.jpg\" alt=\"\" width=\"300\" height=\"65\" srcset=\"https:\/\/auteurs.harmattan.fr\/nicolas-laurenceau\/wp-content\/uploads\/sites\/23\/2022\/03\/logo-300x65.jpg 300w, https:\/\/auteurs.harmattan.fr\/nicolas-laurenceau\/wp-content\/uploads\/sites\/23\/2022\/03\/logo-700x151.jpg 700w, https:\/\/auteurs.harmattan.fr\/nicolas-laurenceau\/wp-content\/uploads\/sites\/23\/2022\/03\/logo-768x165.jpg 768w, https:\/\/auteurs.harmattan.fr\/nicolas-laurenceau\/wp-content\/uploads\/sites\/23\/2022\/03\/logo-1536x331.jpg 1536w, https:\/\/auteurs.harmattan.fr\/nicolas-laurenceau\/wp-content\/uploads\/sites\/23\/2022\/03\/logo-2048x441.jpg 2048w, https:\/\/auteurs.harmattan.fr\/nicolas-laurenceau\/wp-content\/uploads\/sites\/23\/2022\/03\/logo-800x172.jpg 800w\" sizes=\"(max-width: 300px) 100vw, 300px\" \/><\/p>\n<ul>\n<li><strong>2 juin 2022 20 H 30<\/strong> : Le Remue m\u00e9ninges (Caf\u00e9-lecture associatif) 43 Rue Michelet 42000 Saint-Etienne. Pr\u00e9sentation du livre \u00ab\u00a0Au-del\u00e0 du capitalisme, quelles civilisations ?\u00a0\u00bb<\/li>\n<\/ul>\n<p><strong><img loading=\"lazy\" decoding=\"async\" class=\"alignnone size-medium wp-image-396\" src=\"https:\/\/auteurs.harmattan.fr\/nicolas-laurenceau\/wp-content\/uploads\/sites\/23\/2022\/03\/Logo-RM-293x300.jpg\" alt=\"\" width=\"293\" height=\"300\" srcset=\"https:\/\/auteurs.harmattan.fr\/nicolas-laurenceau\/wp-content\/uploads\/sites\/23\/2022\/03\/Logo-RM-293x300.jpg 293w, https:\/\/auteurs.harmattan.fr\/nicolas-laurenceau\/wp-content\/uploads\/sites\/23\/2022\/03\/Logo-RM.jpg 345w\" sizes=\"(max-width: 293px) 100vw, 293px\" \/><\/strong><\/p>\n<ul>\n<li><strong>24 Juin 2022 18 H 00<\/strong> : Notre-Dame de Gr\u00e2ces &#8211; 2 All\u00e9e des Tilleuls 42170 Chambles<\/li>\n<\/ul>\n<p><img loading=\"lazy\" decoding=\"async\" class=\"alignnone size-medium wp-image-402\" src=\"https:\/\/auteurs.harmattan.fr\/nicolas-laurenceau\/wp-content\/uploads\/sites\/23\/2022\/03\/NDG-300x150.jpg\" alt=\"Notre Dame de Gr\u00e2ces\" width=\"300\" height=\"150\" srcset=\"https:\/\/auteurs.harmattan.fr\/nicolas-laurenceau\/wp-content\/uploads\/sites\/23\/2022\/03\/NDG-300x150.jpg 300w, https:\/\/auteurs.harmattan.fr\/nicolas-laurenceau\/wp-content\/uploads\/sites\/23\/2022\/03\/NDG-700x350.jpg 700w, https:\/\/auteurs.harmattan.fr\/nicolas-laurenceau\/wp-content\/uploads\/sites\/23\/2022\/03\/NDG-768x384.jpg 768w, https:\/\/auteurs.harmattan.fr\/nicolas-laurenceau\/wp-content\/uploads\/sites\/23\/2022\/03\/NDG-800x400.jpg 800w, https:\/\/auteurs.harmattan.fr\/nicolas-laurenceau\/wp-content\/uploads\/sites\/23\/2022\/03\/NDG.jpg 1000w\" sizes=\"(max-width: 300px) 100vw, 300px\" \/><\/p>\n<\/li>\n<li style=\"text-align: left\"><strong>\u00a0f\u00e9vrier 2022 20 h 30\u00a0<\/strong>: Vol du Bourdon (caf\u00e9 associatif) 30 rue Conchette 63300 Thiers. Pr\u00e9sentation du livre \u00ab\u00a0Au-del\u00e0 du capitalisme, quelles civilisations ?\u00a0\u00bb <a href=\"https:\/\/auteurs.harmattan.fr\/nicolas-laurenceau\/wp-content\/uploads\/sites\/23\/2022\/02\/Capitalisme-bis.pdf\">Capitalisme bis<\/a><\/li>\n<\/ul>\n<ul>\n<li style=\"text-align: justify\"><strong>5 f\u00e9vrier au 26 f\u00e9vrier 2022<\/strong> : Exposition de tableaux de l&rsquo;auteur. La plupart des peintures sont inspir\u00e9es par les th\u00e9matiques de \u00ab\u00a0Au-del\u00e0 du capitalisme, quelles civilisations ?\u00a0\u00bb. Le livre sera en vente tout au long de l&rsquo;exposition. Elle aura lieu : Mines d&rsquo;art &#8211; 14 rue Sainte-Catherine 42000 Saint-\u00c9tienne. Ouvertures : mardi (14 h &#8211; 16 h), mercredi (14 h &#8211; 16 h), vendredi (15 h &#8211; 19 h) et samedi (14 h 30 \u00e0 18 h 00).<\/li>\n<\/ul>\n<p>\u00a0Au pied du tableau des traces du vieux monde (usine, centrale nucl\u00e9aire) puis un rideau v\u00e9g\u00e9tal (des \u00e9pis de c\u00e9r\u00e9ales) qui forment le Mur du n\u00e9olithique (cette barri\u00e8re invisible qui emp\u00eache d&rsquo;imaginer un monde diff\u00e9rent). L&rsquo;oiseau jaune (l&rsquo;esprit de l&rsquo;auteur) se faufile entre les \u00e9pis et parvient dans un monde \u00e0 la vie luxuriante.<img loading=\"lazy\" decoding=\"async\" class=\"alignnone size-medium wp-image-302 aligncenter\" src=\"https:\/\/auteurs.harmattan.fr\/nicolas-laurenceau\/wp-content\/uploads\/sites\/23\/2022\/01\/2022.01.18-AfficheN.Laurenceau-213x300.jpg\" alt=\"\" width=\"213\" height=\"300\" srcset=\"https:\/\/auteurs.harmattan.fr\/nicolas-laurenceau\/wp-content\/uploads\/sites\/23\/2022\/01\/2022.01.18-AfficheN.Laurenceau-213x300.jpg 213w, https:\/\/auteurs.harmattan.fr\/nicolas-laurenceau\/wp-content\/uploads\/sites\/23\/2022\/01\/2022.01.18-AfficheN.Laurenceau.jpg 413w\" sizes=\"(max-width: 213px) 100vw, 213px\" \/><\/p>\n<p><!--nextpage--><\/p>\n<h2 id=\"coupures-de-presse\" class=\"has-pale-cyan-blue-background-color has-background\">Coupures de presse<\/h2>\n\n\n\n<figure class=\"wp-block-pullquote\"><blockquote><p>L&rsquo;humanit\u00e9 a connu deux mondialisations, quelles cons\u00e9quences ?<\/p><cite>N LAURENCEAU Le Progr\u00e8s, le 08\/12\/2021<\/cite><\/blockquote><\/figure>\n\n\n\n<ul><li><strong>Le Progr\u00e8s, 08-12-2021<\/strong> :  <a href=\"https:\/\/auteurs.harmattan.fr\/nicolas-laurenceau\/wp-content\/uploads\/sites\/23\/2022\/01\/2021-12-08-Le-Progres-\u2013-Une-rencontre-avec-auteur-de-Au-dela-du-capitalisme-quelles-civilisations...-1.pdf\">Une rencontre avec l&rsquo;auteur de \u00ab\u00a0Au-del\u00e0 du capitalisme, quelles civilisations?\u00a0\u00bb<\/a><\/li><\/ul>\n\n\n\n<figure class=\"wp-block-gallery has-nested-images columns-default is-cropped wp-block-gallery-1 is-layout-flex wp-block-gallery-is-layout-flex\">\n<figure class=\"wp-block-image size-large\"><img loading=\"lazy\" decoding=\"async\" width=\"700\" height=\"1490\" data-id=\"294\" src=\"https:\/\/auteurs.harmattan.fr\/nicolas-laurenceau\/wp-content\/uploads\/sites\/23\/2022\/01\/facsimileprogres-1-700x1490.jpg\" alt=\"\" class=\"wp-image-294\" srcset=\"https:\/\/auteurs.harmattan.fr\/nicolas-laurenceau\/wp-content\/uploads\/sites\/23\/2022\/01\/facsimileprogres-1-700x1490.jpg 700w, https:\/\/auteurs.harmattan.fr\/nicolas-laurenceau\/wp-content\/uploads\/sites\/23\/2022\/01\/facsimileprogres-1-141x300.jpg 141w, https:\/\/auteurs.harmattan.fr\/nicolas-laurenceau\/wp-content\/uploads\/sites\/23\/2022\/01\/facsimileprogres-1-768x1634.jpg 768w, https:\/\/auteurs.harmattan.fr\/nicolas-laurenceau\/wp-content\/uploads\/sites\/23\/2022\/01\/facsimileprogres-1-722x1536.jpg 722w, https:\/\/auteurs.harmattan.fr\/nicolas-laurenceau\/wp-content\/uploads\/sites\/23\/2022\/01\/facsimileprogres-1.jpg 772w\" sizes=\"(max-width: 700px) 100vw, 700px\" \/><\/figure>\n<\/figure>\n\n\n\n<blockquote class=\"wp-block-quote\"><p>Le progr\u00e8s du 3 f\u00e9vrier 2022 : Le Monde d&rsquo;avant et le monde d&rsquo;apr\u00e8s vue par Nicolas LAURENCEAU<\/p><\/blockquote>\n\n\n\n<figure class=\"wp-block-gallery has-nested-images columns-default is-cropped wp-block-gallery-2 is-layout-flex wp-block-gallery-is-layout-flex\">\n<figure class=\"wp-block-image size-large\"><img loading=\"lazy\" decoding=\"async\" width=\"700\" height=\"1454\" data-id=\"371\" src=\"https:\/\/auteurs.harmattan.fr\/nicolas-laurenceau\/wp-content\/uploads\/sites\/23\/2022\/02\/Le-progres-220202-700x1454.jpg\" alt=\"\" class=\"wp-image-371\" srcset=\"https:\/\/auteurs.harmattan.fr\/nicolas-laurenceau\/wp-content\/uploads\/sites\/23\/2022\/02\/Le-progres-220202-700x1454.jpg 700w, https:\/\/auteurs.harmattan.fr\/nicolas-laurenceau\/wp-content\/uploads\/sites\/23\/2022\/02\/Le-progres-220202-144x300.jpg 144w, https:\/\/auteurs.harmattan.fr\/nicolas-laurenceau\/wp-content\/uploads\/sites\/23\/2022\/02\/Le-progres-220202-768x1595.jpg 768w, https:\/\/auteurs.harmattan.fr\/nicolas-laurenceau\/wp-content\/uploads\/sites\/23\/2022\/02\/Le-progres-220202-740x1536.jpg 740w, https:\/\/auteurs.harmattan.fr\/nicolas-laurenceau\/wp-content\/uploads\/sites\/23\/2022\/02\/Le-progres-220202-986x2048.jpg 986w, https:\/\/auteurs.harmattan.fr\/nicolas-laurenceau\/wp-content\/uploads\/sites\/23\/2022\/02\/Le-progres-220202-800x1662.jpg 800w, https:\/\/auteurs.harmattan.fr\/nicolas-laurenceau\/wp-content\/uploads\/sites\/23\/2022\/02\/Le-progres-220202.jpg 1092w\" sizes=\"(max-width: 700px) 100vw, 700px\" \/><\/figure>\n<\/figure>\n\n\n\n<figure class=\"wp-block-gallery has-nested-images columns-default is-cropped\"><\/figure>\n\n\n<p><a href=\"https:\/\/auteurs.harmattan.fr\/nicolas-laurenceau\/wp-content\/uploads\/sites\/23\/2022\/02\/Le-monde-davant-et-le-monde-dapres-vus-par-Nicolas-Laurenceau-1.pdf\">Le monde d\u2019avant et le monde d\u2019apr\u00e8s, vus par Nicolas Laurenceau<\/a><\/p>\n<p><!--nextpage--><\/p>\n\n\n<h2 class=\"has-black-color has-pale-cyan-blue-background-color has-text-color has-background wp-block-heading\" id=\"autres-publications\"><strong>Autres publications<\/strong><\/h2>\n\n\n\n<h2 class=\"wp-block-heading\" id=\"amicale-laique-du-cret-de-roc-saint-etienne\">Amicale la\u00efque du Cret de Roc &#8211; Saint-Etienne<\/h2>\n\n\n\n<p>Lien pour consulter \u00ab\u00a0La Bo\u00eete \u00e0 id\u00e9es\u00a0\u00bb, l&rsquo;outil de r\u00e9flexion de l&rsquo;amicale la\u00efque<\/p>\n\n\n\n<p>D\u00e9cembre 2021<\/p>\n\n\n\n<p>Boite a id\u00e9es 0000 Vc<\/p>\n\n\n\n<p>Mars 2022<\/p>\n\n\n<p><a href=\"https:\/\/auteurs.harmattan.fr\/nicolas-laurenceau\/wp-content\/uploads\/sites\/23\/2022\/04\/Boite-a-idees-n\u00b0-1_compressed.pdf\">Boite a id\u00e9es n\u00b0 1<\/a><\/p>\n\n\n<div class=\"wp-block-group is-layout-flow wp-block-group-is-layout-flow\"><div class=\"wp-block-group__inner-container\">\n<p>Septembre 2022<\/p>\n\n\n\n<p><a href=\"https:\/\/auteurs.harmattan.fr\/nicolas-laurenceau\/wp-content\/uploads\/sites\/23\/2022\/09\/Boite-a-idees-n\u00b0-2_compressed-1.pdf\">Boite a id\u00e9es n\u00b0 2<\/a><\/p>\n\n\n\n<figure class=\"wp-block-gallery has-nested-images columns-default is-cropped wp-block-gallery-3 is-layout-flex wp-block-gallery-is-layout-flex\"><\/figure>\n\n\n\n<p><\/p>\n<\/div><\/div>\n\n\n\n<p><\/p>\n","protected":false},"excerpt":{"rendered":"<p>Rendez-vous 10 novembre 2022 18 h 30 : Librairie L&rsquo;hirondaine \u00e0 Firminy Rencontre avec l&rsquo;auteur pr\u00e9sentation anim\u00e9 par Pierre Villemagne autour de \u00ab\u00a0Au-del\u00e0 du Capitalisme, quelles civilisations ?\u00a0\u00bb<\/p>\n","protected":false},"author":1,"featured_media":0,"parent":0,"menu_order":0,"comment_status":"closed","ping_status":"closed","template":"","meta":{"footnotes":""},"wps_subtitle":"","_links":{"self":[{"href":"https:\/\/auteurs.harmattan.fr\/nicolas-laurenceau\/wp-json\/wp\/v2\/pages\/111"}],"collection":[{"href":"https:\/\/auteurs.harmattan.fr\/nicolas-laurenceau\/wp-json\/wp\/v2\/pages"}],"about":[{"href":"https:\/\/auteurs.harmattan.fr\/nicolas-laurenceau\/wp-json\/wp\/v2\/types\/page"}],"author":[{"embeddable":true,"href":"https:\/\/auteurs.harmattan.fr\/nicolas-laurenceau\/wp-json\/wp\/v2\/users\/1"}],"replies":[{"embeddable":true,"href":"https:\/\/auteurs.harmattan.fr\/nicolas-laurenceau\/wp-json\/wp\/v2\/comments?post=111"}],"version-history":[{"count":68,"href":"https:\/\/auteurs.harmattan.fr\/nicolas-laurenceau\/wp-json\/wp\/v2\/pages\/111\/revisions"}],"predecessor-version":[{"id":442,"href":"https:\/\/auteurs.harmattan.fr\/nicolas-laurenceau\/wp-json\/wp\/v2\/pages\/111\/revisions\/442"}],"wp:attachment":[{"href":"https:\/\/auteurs.harmattan.fr\/nicolas-laurenceau\/wp-json\/wp\/v2\/media?parent=111"}],"curies":[{"name":"wp","href":"https:\/\/api.w.org\/{rel}","templated":true}]}}