{"id":44,"date":"2020-12-04T17:58:22","date_gmt":"2020-12-04T16:58:22","guid":{"rendered":"https:\/\/auteurs.harmattan.fr\/nicolas-laurenceau\/?page_id=44"},"modified":"2022-09-16T16:32:08","modified_gmt":"2022-09-16T14:32:08","slug":"a-propos","status":"publish","type":"page","link":"https:\/\/auteurs.harmattan.fr\/nicolas-laurenceau\/a-propos\/","title":{"rendered":"L&rsquo;auteur"},"content":{"rendered":"\n<p style=\"text-align: justify\"><a href=\"https:\/\/auteurs.harmattan.fr\/nicolas-laurenceau\/wp-content\/uploads\/sites\/23\/2022\/01\/NL1_recadre_allege-255x300.jpg\"><img loading=\"lazy\" decoding=\"async\" class=\"size-medium wp-image-279 alignleft\" src=\"https:\/\/auteurs.harmattan.fr\/nicolas-laurenceau\/wp-content\/uploads\/sites\/23\/2022\/01\/NL1_recadre_allege-vr-1-255x300.jpg\" alt=\"\" width=\"255\" height=\"300\" srcset=\"https:\/\/auteurs.harmattan.fr\/nicolas-laurenceau\/wp-content\/uploads\/sites\/23\/2022\/01\/NL1_recadre_allege-vr-1-255x300.jpg 255w, https:\/\/auteurs.harmattan.fr\/nicolas-laurenceau\/wp-content\/uploads\/sites\/23\/2022\/01\/NL1_recadre_allege-vr-1-700x825.jpg 700w, https:\/\/auteurs.harmattan.fr\/nicolas-laurenceau\/wp-content\/uploads\/sites\/23\/2022\/01\/NL1_recadre_allege-vr-1-768x905.jpg 768w, https:\/\/auteurs.harmattan.fr\/nicolas-laurenceau\/wp-content\/uploads\/sites\/23\/2022\/01\/NL1_recadre_allege-vr-1-1304x1536.jpg 1304w, https:\/\/auteurs.harmattan.fr\/nicolas-laurenceau\/wp-content\/uploads\/sites\/23\/2022\/01\/NL1_recadre_allege-vr-1-800x943.jpg 800w, https:\/\/auteurs.harmattan.fr\/nicolas-laurenceau\/wp-content\/uploads\/sites\/23\/2022\/01\/NL1_recadre_allege-vr-1.jpg 1660w\" sizes=\"(max-width: 255px) 100vw, 255px\" \/><\/a>N\u00e9 en 1957, Nicolas Laurenceau a milit\u00e9 tr\u00e8s jeune dans les mouvements lyc\u00e9ens des ann\u00e9es 1970. Au printemps 1975, il quitte Saint-\u00c9tienne pour rejoindre l\u2019\u00c9quipe nationale de la JEC (Jeunesse \u00e9tudiante chr\u00e9tienne), pour deux ann\u00e9es intenses o\u00f9 il d\u00e9couvre la n\u00e9cessit\u00e9, mais aussi la possibilit\u00e9, d\u2019articuler action quotidienne et r\u00e9flexion fondamentale.<\/p>\n<p style=\"text-align: justify\">En septembre 1977, il revient \u00e0 Saint-\u00c9tienne avec divers engagements militants, syndicalisme d\u2019abord \u00e9tudiant, puis \u00e0 la CFDT encore autogestionnaire, mais aussi responsabilit\u00e9 politique au sein du Parti socialiste, \u00e0 une \u00e9poque o\u00f9 il bouillonnait de l\u2019espoir de \u00ab Changer la vie \u00bb.<\/p>\n<p style=\"text-align: justify\">Avec le trait\u00e9 de Maastricht, puis la guerre du Golfe, ses engagements militants sont devenus au fil des ann\u00e9es de moins en moins institutionnels. Il vit les ann\u00e9es 1990 comme une p\u00e9riode d\u2019\u00e9touffement. C\u2019est alors, en r\u00e9action, qu\u2019il entame les premi\u00e8res \u00e9bauches de ce livre, faisant le choix d\u2019\u00e9largir consid\u00e9rablement la perspective historique et spatiale&nbsp;: en reconsid\u00e9rant toute l\u2019Histoire de l\u2019humanit\u00e9 depuis son \u00e9mergence au sein des primates.<\/p>\n<p style=\"text-align: justify\">Le projet a pris une dimension plus collective au d\u00e9but des ann\u00e9es 2000, avec les \u00ab&nbsp;Entretiens de Lomen\u00e8de&nbsp;\u00bb. Tous les ans \u00e0 la Pentec\u00f4te, dix \u00e0 vingt personnes, issues de divers milieux, se sont retrouv\u00e9es dans le petit village de Lomen\u00e8de en Haute-Loire pour \u00e9changer autour de l\u2019avanc\u00e9e de ce travail, le confronter \u00e0 d\u2019autres approches et finalement l\u2019enrichir.<\/p>\n<p style=\"text-align: justify\">&nbsp;<\/p>\n","protected":false},"excerpt":{"rendered":"<p>N\u00e9 en 1957, Nicolas Laurenceau a milit\u00e9 tr\u00e8s jeune dans les mouvements lyc\u00e9ens des ann\u00e9es 1970. Au printemps 1975, il quitte Saint-\u00c9tienne pour rejoindre l\u2019\u00c9quipe nationale de la JEC (Jeunesse \u00e9tudiante chr\u00e9tienne), pour deux ann\u00e9es intenses o\u00f9 il d\u00e9couvre la n\u00e9cessit\u00e9, mais aussi la possibilit\u00e9, d\u2019articuler action quotidienne et r\u00e9flexion fondamentale. En septembre 1977, il&#8230;<\/p>\n","protected":false},"author":1,"featured_media":0,"parent":0,"menu_order":0,"comment_status":"closed","ping_status":"closed","template":"","meta":{"footnotes":""},"wps_subtitle":"","_links":{"self":[{"href":"https:\/\/auteurs.harmattan.fr\/nicolas-laurenceau\/wp-json\/wp\/v2\/pages\/44"}],"collection":[{"href":"https:\/\/auteurs.harmattan.fr\/nicolas-laurenceau\/wp-json\/wp\/v2\/pages"}],"about":[{"href":"https:\/\/auteurs.harmattan.fr\/nicolas-laurenceau\/wp-json\/wp\/v2\/types\/page"}],"author":[{"embeddable":true,"href":"https:\/\/auteurs.harmattan.fr\/nicolas-laurenceau\/wp-json\/wp\/v2\/users\/1"}],"replies":[{"embeddable":true,"href":"https:\/\/auteurs.harmattan.fr\/nicolas-laurenceau\/wp-json\/wp\/v2\/comments?post=44"}],"version-history":[{"count":10,"href":"https:\/\/auteurs.harmattan.fr\/nicolas-laurenceau\/wp-json\/wp\/v2\/pages\/44\/revisions"}],"predecessor-version":[{"id":343,"href":"https:\/\/auteurs.harmattan.fr\/nicolas-laurenceau\/wp-json\/wp\/v2\/pages\/44\/revisions\/343"}],"wp:attachment":[{"href":"https:\/\/auteurs.harmattan.fr\/nicolas-laurenceau\/wp-json\/wp\/v2\/media?parent=44"}],"curies":[{"name":"wp","href":"https:\/\/api.w.org\/{rel}","templated":true}]}}